{"id":116,"date":"2015-02-22T11:07:59","date_gmt":"2015-02-22T11:07:59","guid":{"rendered":"http:\/\/g2g-solutions.fr\/?page_id=116"},"modified":"2024-09-05T08:53:45","modified_gmt":"2024-09-05T08:53:45","slug":"accueil-2","status":"publish","type":"page","link":"https:\/\/g2g-solutions.fr\/","title":{"rendered":"Bienvenue !"},"content":{"rendered":"<div id='gallery-1' class='gallery galleryid-116 gallery-columns-2 gallery-size-large'><figure class='gallery-item'>\n\t\t\t<div class='gallery-icon landscape'>\n\t\t\t\t<a href='https:\/\/g2g-solutions.fr\/?attachment_id=270'><img loading=\"lazy\" decoding=\"async\" width=\"1024\" height=\"768\" src=\"https:\/\/g2g-solutions.fr\/wp-content\/uploads\/2015\/03\/Rexel-9-1024x768.jpg\" class=\"attachment-large size-large\" alt=\"\" aria-describedby=\"gallery-1-270\" srcset=\"https:\/\/g2g-solutions.fr\/wp-content\/uploads\/2015\/03\/Rexel-9-1024x768.jpg 1024w, https:\/\/g2g-solutions.fr\/wp-content\/uploads\/2015\/03\/Rexel-9-300x225.jpg 300w\" sizes=\"auto, (max-width: 1024px) 100vw, 1024px\" \/><\/a>\n\t\t\t<\/div>\n\t\t\t\t<figcaption class='wp-caption-text gallery-caption' id='gallery-1-270'>\n\t\t\t\tContr\u00f4le\n\t\t\t\t<\/figcaption><\/figure><figure class='gallery-item'>\n\t\t\t<div class='gallery-icon landscape'>\n\t\t\t\t<a href='https:\/\/g2g-solutions.fr\/?attachment_id=269'><img loading=\"lazy\" decoding=\"async\" width=\"1024\" height=\"768\" src=\"https:\/\/g2g-solutions.fr\/wp-content\/uploads\/2015\/03\/Rexel-2-1024x768.jpg\" class=\"attachment-large size-large\" alt=\"\" aria-describedby=\"gallery-1-269\" srcset=\"https:\/\/g2g-solutions.fr\/wp-content\/uploads\/2015\/03\/Rexel-2-1024x768.jpg 1024w, https:\/\/g2g-solutions.fr\/wp-content\/uploads\/2015\/03\/Rexel-2-300x225.jpg 300w, https:\/\/g2g-solutions.fr\/wp-content\/uploads\/2015\/03\/Rexel-2.jpg 1600w\" sizes=\"auto, (max-width: 1024px) 100vw, 1024px\" \/><\/a>\n\t\t\t<\/div>\n\t\t\t\t<figcaption class='wp-caption-text gallery-caption' id='gallery-1-269'>\n\t\t\t\tConseil \n\t\t\t\t<\/figcaption><\/figure>\n\t\t<\/div>\n\n<h1 style=\"text-align: center;\"><strong>Votre sp\u00e9cialiste s\u00e9curit\u00e9 et pr\u00e9vention des espaces de stockage<\/strong><\/h1>\n<h2 style=\"text-align: left;\"><span style=\"color: #aa0a0a;\"><span style=\"color: #aa0a0a;\">Notre c\u0153ur\u00a0de m\u00e9tier\u00a0<\/span><\/span><\/h2>\n<h3 style=\"text-align: left;\">Contr\u00f4ler la conformit\u00e9 de vos racks de stockage et rayonnages m\u00e9talliques <strong>(norme NF-EN-15.635 et recommandation INRS ED 771);<\/strong><\/h3>\n<h3 style=\"text-align: left;\">Vous accompagner et vous conseiller quant \u00e0 vos projets de stockage;<\/h3>\n<h3 style=\"text-align: left;\">Conduire des actions de sensibilisation\u00a0\u00e0 la s\u00e9curit\u00e9 dans les entrep\u00f4ts.<\/h3>\n<h2 style=\"text-align: left;\"><\/h2>\n<h2><span style=\"color: #aa0a00;\">Nos engagements<\/span><\/h2>\n<ul>\n<li><strong>OBJECTIVIT\u00c9\u00a0<\/strong>:\u00a0notre ind\u00e9pendance vis \u00e0 vis de tout fabricant et soci\u00e9t\u00e9 de montage vous garantit la pertinence de nos contr\u00f4les.<\/li>\n<li><strong>CONSEIL<\/strong> :\u00a0nous \u00e9tudions soigneusement vos besoins, et sommes force de proposition pour construire, ensemble, le projet qui vous correspondra le mieux (co\u00fbt, qualit\u00e9, d\u00e9lais).<\/li>\n<li><strong>TRANSPARENCE\u00a0: <\/strong>nos devis sont clairs, pr\u00e9cis, nous nous engageons sur les d\u00e9lais annonc\u00e9s.<\/li>\n<li><b>PARTENARIAT\u00a0: <\/b>nous assurons\u00a0une prestation de qualit\u00e9, afin de garantir la mise en place d&rsquo;un v\u00e9ritable partenariat, inscrit dans une relation de confiance et de dur\u00e9e.<\/li>\n<\/ul>\n<h2><span style=\"color: #aa0a00;\">Nos\u00a0valeurs<\/span><\/h2>\n<h2 style=\"text-align: center;\"><strong>Exigence <span style=\"color: #aa0a00;\">&#8211;<\/span>\u00a0<\/strong><strong>Fiabilit\u00e9 <span style=\"color: #aa0a00;\">&#8211;<\/span>\u00a0<\/strong><strong>Confiance<\/strong><\/h2>\n<p><strong>Le mot du dirigeant<\/strong><\/p>\n<figure id=\"attachment_367\" aria-describedby=\"caption-attachment-367\" style=\"width: 290px\" class=\"wp-caption alignright\"><a href=\"http:\/\/g2g-solutions.fr\/wp-content\/uploads\/2015\/03\/DSCN4262-2.jpg\"><img loading=\"lazy\" decoding=\"async\" class=\"size-medium wp-image-367\" src=\"http:\/\/g2g-solutions.fr\/wp-content\/uploads\/2015\/03\/DSCN4262-2-300x225.jpg\" alt=\"Sylvain GUENARD Dirigeant G2G-Solutions\" width=\"300\" height=\"225\" srcset=\"https:\/\/g2g-solutions.fr\/wp-content\/uploads\/2015\/03\/DSCN4262-2-300x225.jpg 300w, https:\/\/g2g-solutions.fr\/wp-content\/uploads\/2015\/03\/DSCN4262-2-1024x768.jpg 1024w\" sizes=\"auto, (max-width: 300px) 100vw, 300px\" \/><\/a><figcaption id=\"caption-attachment-367\" class=\"wp-caption-text\">Sylvain GUENARD<br \/>Dirigeant G2G-Solutions<\/figcaption><\/figure>\n<p><em>\u00ab\u00a0Mon exp\u00e9rience salari\u00e9e\u00a0de pr\u00e8s de 20 ans en mati\u00e8re de conception, de vente et d&rsquo;installation de structures de stockage en France et en Europe, m&rsquo;a donn\u00e9 le go\u00fbt du travail en B to B, la connaissance du secteur de la logistique et de ses contraintes, l&rsquo;exp\u00e9rience en mati\u00e8re de conduite de projets et de chantiers, et surtout un grand sens du client.\u00a0<\/em><em>C&rsquo;est aujourd&rsquo;hui ma soci\u00e9t\u00e9 G<span style=\"color: #aa0a00;\">2<\/span>G-Solutions qui porte ces comp\u00e9tences et savoir-faire pour ses clients.<\/em><\/p>\n<p><em>D\u00e9couvrez sur notre site web nos activit\u00e9s, les clients qui nous ont d\u00e9j\u00e0 fait confiance pour le contr\u00f4le de leurs installations, et n&rsquo;h\u00e9sitez pas \u00e0 <a href=\"https:\/\/g2g-solutions.fr\/?page_id=343\">nous contacter !<\/a><\/em><\/p>\n<p><em><span style=\"color: #aa0a00;\">BONNE NAVIGATION !\u00a0\u00bb<\/span><\/em><\/p>\n<p style=\"text-align: center;\"><a href=\"http:\/\/g2g-solutions.fr\/wp-content\/uploads\/2015\/02\/Mentions-l\u00e9gales-site-web-d\u00e9c2018.pdf\"><span style=\"color: #999999;\">\u00a0Mentions l\u00e9gales<\/span><\/a><\/p>\n","protected":false},"excerpt":{"rendered":"<p>Votre sp\u00e9cialiste s\u00e9curit\u00e9 et pr\u00e9vention des espaces de stockage Notre c\u0153ur\u00a0de m\u00e9tier\u00a0 Contr\u00f4ler la conformit\u00e9 de vos racks de stockage et rayonnages m\u00e9talliques (norme NF-EN-15.635 et recommandation INRS ED 771); Vous accompagner et vous conseiller quant \u00e0 vos projets de stockage; Conduire des actions de sensibilisation\u00a0\u00e0 la s\u00e9curit\u00e9 dans les entrep\u00f4ts. Nos engagements OBJECTIVIT\u00c9\u00a0:\u00a0notre ind\u00e9pendance &#8230; <a title=\"Bienvenue !\" class=\"read-more\" href=\"https:\/\/g2g-solutions.fr\/\" aria-label=\"En savoir plus sur Bienvenue !\">Lire la suite<\/a><\/p>\n","protected":false},"author":1,"featured_media":0,"parent":0,"menu_order":1,"comment_status":"closed","ping_status":"open","template":"","meta":{"footnotes":""},"class_list":["post-116","page","type-page","status-publish"],"_links":{"self":[{"href":"https:\/\/g2g-solutions.fr\/index.php?rest_route=\/wp\/v2\/pages\/116","targetHints":{"allow":["GET"]}}],"collection":[{"href":"https:\/\/g2g-solutions.fr\/index.php?rest_route=\/wp\/v2\/pages"}],"about":[{"href":"https:\/\/g2g-solutions.fr\/index.php?rest_route=\/wp\/v2\/types\/page"}],"author":[{"embeddable":true,"href":"https:\/\/g2g-solutions.fr\/index.php?rest_route=\/wp\/v2\/users\/1"}],"replies":[{"embeddable":true,"href":"https:\/\/g2g-solutions.fr\/index.php?rest_route=%2Fwp%2Fv2%2Fcomments&post=116"}],"version-history":[{"count":70,"href":"https:\/\/g2g-solutions.fr\/index.php?rest_route=\/wp\/v2\/pages\/116\/revisions"}],"predecessor-version":[{"id":628,"href":"https:\/\/g2g-solutions.fr\/index.php?rest_route=\/wp\/v2\/pages\/116\/revisions\/628"}],"wp:attachment":[{"href":"https:\/\/g2g-solutions.fr\/index.php?rest_route=%2Fwp%2Fv2%2Fmedia&parent=116"}],"curies":[{"name":"wp","href":"https:\/\/api.w.org\/{rel}","templated":true}]}}